{"id":716,"date":"2025-08-02T09:28:01","date_gmt":"2025-08-02T07:28:01","guid":{"rendered":"http:\/\/test-domain.nvv-dudenhofen.de\/?page_id=716"},"modified":"2026-01-14T19:55:02","modified_gmt":"2026-01-14T18:55:02","slug":"02d-verstaendnisfoerderung","status":"publish","type":"page","link":"https:\/\/nvv-dudenhofen.de\/?page_id=716","title":{"rendered":"02.D Verst\u00e4ndnisf\u00f6rderung"},"content":{"rendered":"\n<h1 class=\"wp-block-heading has-text-align-center\"><br>F\u00f6rderung des Naturverst\u00e4ndnis<\/h1>\n\n\n\n<p>Die gesunde und artenreiche Umwelt ist Allgemeingut. Wir f\u00f6rdern die Neugier zur Naturbeobachtung und vertiefen das Verst\u00e4ndnis f\u00fcr den Heimatort als eigenen Lebensraum.<\/p>\n\n\n\n<hr class=\"wp-block-separator has-alpha-channel-opacity\"\/>\n\n\n\n<h2 class=\"wp-block-heading\">T\u00e4tigkeiten<\/h2>\n\n\n\n<div id=\"wp-block-themeisle-blocks-icon-list-f64d305e\" class=\"wp-block-themeisle-blocks-icon-list\">\n<div id=\"wp-block-themeisle-blocks-icon-list-item-3df33c99\" class=\"wp-block-themeisle-blocks-icon-list-item\"><i class=\"fas fa-check wp-block-themeisle-blocks-icon-list-item-icon\"><\/i><p class=\"wp-block-themeisle-blocks-icon-list-item-content\">Exkursionen<\/p><\/div>\n\n\n\n<div id=\"wp-block-themeisle-blocks-icon-list-item-6e8fbdd8\" class=\"wp-block-themeisle-blocks-icon-list-item\"><i class=\"fas fa-check wp-block-themeisle-blocks-icon-list-item-icon\"><\/i><p class=\"wp-block-themeisle-blocks-icon-list-item-content\">Vortr\u00e4ge<\/p><\/div>\n\n\n\n<div id=\"wp-block-themeisle-blocks-icon-list-item-cf4ef4b7\" class=\"wp-block-themeisle-blocks-icon-list-item\"><i class=\"fas fa-check wp-block-themeisle-blocks-icon-list-item-icon\"><\/i><p class=\"wp-block-themeisle-blocks-icon-list-item-content\">Pressemitteilungen<\/p><\/div>\n\n\n\n<div id=\"wp-block-themeisle-blocks-icon-list-item-e0571610\" class=\"wp-block-themeisle-blocks-icon-list-item\"><i class=\"fas fa-check wp-block-themeisle-blocks-icon-list-item-icon\"><\/i><p class=\"wp-block-themeisle-blocks-icon-list-item-content\">Unterst\u00fctzung und Teilnahme an Initiativen (z.B. Walderlebnistag, Vogelstimmenwanderung u.a.)<\/p><\/div>\n<\/div>\n\n\n\n<p>Zu vergangenen Ereignissen siehe Men\u00fcpunkt <a href=\"http:\/\/nvv-dudenhofen.de\/?page_id=622\" data-type=\"page\" data-id=\"622\">03 Mitteilungen<\/a><\/p>\n\n\n\n<figure class=\"wp-block-image size-large\"><img loading=\"lazy\" decoding=\"async\" width=\"1024\" height=\"576\" src=\"https:\/\/nvv-dudenhofen.de\/wp-content\/uploads\/2025\/09\/ai-generated-8659507_1280-1024x576.jpg\" alt=\"\" class=\"wp-image-1199\" srcset=\"https:\/\/nvv-dudenhofen.de\/wp-content\/uploads\/2025\/09\/ai-generated-8659507_1280-1024x576.jpg 1024w, https:\/\/nvv-dudenhofen.de\/wp-content\/uploads\/2025\/09\/ai-generated-8659507_1280-300x169.jpg 300w, https:\/\/nvv-dudenhofen.de\/wp-content\/uploads\/2025\/09\/ai-generated-8659507_1280-768x432.jpg 768w, https:\/\/nvv-dudenhofen.de\/wp-content\/uploads\/2025\/09\/ai-generated-8659507_1280.jpg 1280w\" sizes=\"auto, (max-width: 1024px) 100vw, 1024px\" \/><\/figure>\n","protected":false},"excerpt":{"rendered":"<p>F\u00f6rderung des Naturverst\u00e4ndnis Die gesunde und artenreiche Umwelt ist Allgemeingut. Wir f\u00f6rdern die Neugier zur Naturbeobachtung und vertiefen das Verst\u00e4ndnis f\u00fcr den Heimatort als eigenen Lebensraum. T\u00e4tigkeiten Zu vergangenen Ereignissen siehe Men\u00fcpunkt 03 Mitteilungen<\/p>\n","protected":false},"author":1,"featured_media":0,"parent":0,"menu_order":0,"comment_status":"closed","ping_status":"closed","template":"","meta":{"zakra_sidebar_layout":"customizer","zakra_remove_content_margin":false,"zakra_sidebar":"customizer","zakra_transparent_header":"customizer","zakra_logo":0,"zakra_main_header_style":"default","zakra_menu_item_color":"","zakra_menu_item_hover_color":"","zakra_menu_item_active_color":"","zakra_menu_active_style":"","zakra_page_header":true,"_themeisle_gutenberg_block_has_review":false,"footnotes":""},"class_list":["post-716","page","type-page","status-publish","hentry"],"jetpack_sharing_enabled":true,"_links":{"self":[{"href":"https:\/\/nvv-dudenhofen.de\/index.php?rest_route=\/wp\/v2\/pages\/716","targetHints":{"allow":["GET"]}}],"collection":[{"href":"https:\/\/nvv-dudenhofen.de\/index.php?rest_route=\/wp\/v2\/pages"}],"about":[{"href":"https:\/\/nvv-dudenhofen.de\/index.php?rest_route=\/wp\/v2\/types\/page"}],"author":[{"embeddable":true,"href":"https:\/\/nvv-dudenhofen.de\/index.php?rest_route=\/wp\/v2\/users\/1"}],"replies":[{"embeddable":true,"href":"https:\/\/nvv-dudenhofen.de\/index.php?rest_route=%2Fwp%2Fv2%2Fcomments&post=716"}],"version-history":[{"count":9,"href":"https:\/\/nvv-dudenhofen.de\/index.php?rest_route=\/wp\/v2\/pages\/716\/revisions"}],"predecessor-version":[{"id":1412,"href":"https:\/\/nvv-dudenhofen.de\/index.php?rest_route=\/wp\/v2\/pages\/716\/revisions\/1412"}],"wp:attachment":[{"href":"https:\/\/nvv-dudenhofen.de\/index.php?rest_route=%2Fwp%2Fv2%2Fmedia&parent=716"}],"curies":[{"name":"wp","href":"https:\/\/api.w.org\/{rel}","templated":true}]}}