{"id":622,"date":"2025-04-16T14:45:43","date_gmt":"2025-04-16T12:45:43","guid":{"rendered":"http:\/\/test-domain.nvv-dudenhofen.de\/?page_id=622"},"modified":"2025-09-27T18:15:06","modified_gmt":"2025-09-27T16:15:06","slug":"03-rat-und-tat","status":"publish","type":"page","link":"https:\/\/nvv-dudenhofen.de\/?page_id=622","title":{"rendered":"03 Mitteilungen"},"content":{"rendered":"\n<h1 class=\"wp-block-heading has-text-align-center\"><br>Mitteilungen<\/h1>\n\n\n\n<p>In dem ersten Unterordner finden sich <strong>Presseberichte<\/strong> und Vereinsmitteilungen.<\/p>\n\n\n\n<p>Der zweite Unterordner richtet sich an diejenigen, welche Insekten, V\u00f6gel, Reptilien, Igel und weitere Tiere in ihren Garten locken wollen. Pflanzen sind Nahrungsquellen und Brutraum f\u00fcr  Tiere, mit welchen sie symbiotisch zusammenleben. Der kundige G\u00e4rtner wei\u00df um das richtige <strong>Saatgut<\/strong> und um die Pflanzenpflege,- die Biotopentwicklung \u00fcberl\u00e4sst er der Natur.   <\/p>\n\n\n\n<p>Im dritten Unterordner finden sich Unterlagen zu vergangenen <strong>Vortr\u00e4gen<\/strong> und Bildungsveranstaltungen.<\/p>\n\n\n\n<p>Im <strong>Flurbuch<\/strong> liegen tagebuchartige Eintr\u00e4ge zu unseren Flurst\u00fccken. <\/p>\n\n\n\n<figure class=\"wp-block-image alignwide size-large\"><img loading=\"lazy\" decoding=\"async\" width=\"1024\" height=\"768\" src=\"http:\/\/test-domain.nvv-dudenhofen.de\/wp-content\/uploads\/2025\/09\/IMG_4095-1024x768.jpeg\" alt=\"\" class=\"wp-image-1040\" srcset=\"https:\/\/nvv-dudenhofen.de\/wp-content\/uploads\/2025\/09\/IMG_4095-1024x768.jpeg 1024w, https:\/\/nvv-dudenhofen.de\/wp-content\/uploads\/2025\/09\/IMG_4095-300x225.jpeg 300w, https:\/\/nvv-dudenhofen.de\/wp-content\/uploads\/2025\/09\/IMG_4095-768x576.jpeg 768w, https:\/\/nvv-dudenhofen.de\/wp-content\/uploads\/2025\/09\/IMG_4095-1536x1152.jpeg 1536w, https:\/\/nvv-dudenhofen.de\/wp-content\/uploads\/2025\/09\/IMG_4095.jpeg 2048w\" sizes=\"auto, (max-width: 1024px) 100vw, 1024px\" \/><\/figure>\n","protected":false},"excerpt":{"rendered":"<p>Mitteilungen In dem ersten Unterordner finden sich Presseberichte und Vereinsmitteilungen. Der zweite Unterordner richtet sich an diejenigen, welche Insekten, V\u00f6gel, Reptilien, Igel und weitere Tiere in ihren Garten locken wollen. Pflanzen sind Nahrungsquellen und Brutraum f\u00fcr Tiere, mit welchen sie symbiotisch zusammenleben. Der kundige G\u00e4rtner wei\u00df um das richtige Saatgut und um die Pflanzenpflege,- die [&hellip;]<\/p>\n","protected":false},"author":1,"featured_media":0,"parent":0,"menu_order":0,"comment_status":"closed","ping_status":"closed","template":"","meta":{"zakra_sidebar_layout":"customizer","zakra_remove_content_margin":false,"zakra_sidebar":"customizer","zakra_transparent_header":"customizer","zakra_logo":0,"zakra_main_header_style":"default","zakra_menu_item_color":"","zakra_menu_item_hover_color":"","zakra_menu_item_active_color":"","zakra_menu_active_style":"","zakra_page_header":true,"_themeisle_gutenberg_block_has_review":false,"footnotes":""},"class_list":["post-622","page","type-page","status-publish","hentry"],"jetpack_sharing_enabled":true,"_links":{"self":[{"href":"https:\/\/nvv-dudenhofen.de\/index.php?rest_route=\/wp\/v2\/pages\/622","targetHints":{"allow":["GET"]}}],"collection":[{"href":"https:\/\/nvv-dudenhofen.de\/index.php?rest_route=\/wp\/v2\/pages"}],"about":[{"href":"https:\/\/nvv-dudenhofen.de\/index.php?rest_route=\/wp\/v2\/types\/page"}],"author":[{"embeddable":true,"href":"https:\/\/nvv-dudenhofen.de\/index.php?rest_route=\/wp\/v2\/users\/1"}],"replies":[{"embeddable":true,"href":"https:\/\/nvv-dudenhofen.de\/index.php?rest_route=%2Fwp%2Fv2%2Fcomments&post=622"}],"version-history":[{"count":10,"href":"https:\/\/nvv-dudenhofen.de\/index.php?rest_route=\/wp\/v2\/pages\/622\/revisions"}],"predecessor-version":[{"id":1217,"href":"https:\/\/nvv-dudenhofen.de\/index.php?rest_route=\/wp\/v2\/pages\/622\/revisions\/1217"}],"wp:attachment":[{"href":"https:\/\/nvv-dudenhofen.de\/index.php?rest_route=%2Fwp%2Fv2%2Fmedia&parent=622"}],"curies":[{"name":"wp","href":"https:\/\/api.w.org\/{rel}","templated":true}]}}