{"id":515,"date":"2025-04-07T20:34:57","date_gmt":"2025-04-07T18:34:57","guid":{"rendered":"http:\/\/test-domain.nvv-dudenhofen.de\/?page_id=515"},"modified":"2025-09-27T20:17:17","modified_gmt":"2025-09-27T18:17:17","slug":"mitglieder","status":"publish","type":"page","link":"https:\/\/nvv-dudenhofen.de\/?page_id=515","title":{"rendered":"01.B Arbeitsgruppen"},"content":{"rendered":"\n<h1 class=\"wp-block-heading has-text-align-center\"><br>Arbeitsgruppen<\/h1>\n\n\n\n<p>Unser Beitrag zum Naturschutz besteht aus dem Engagement unserer Mitglieder. Dazu organisieren wir uns in eigenst\u00e4ndigen Arbeitsgruppen. Au\u00dferdem treffen wir uns zu gemeinsamen Arbeitseins\u00e4tzen.<\/p>\n\n\n\n<hr class=\"wp-block-separator has-alpha-channel-opacity is-style-default\"\/>\n\n\n\n<h2 class=\"wp-block-heading\">Das Pflegeteam<\/h2>\n\n\n\n<p>Unser Pflegeteam besteht aus 5-10 flei\u00dfigen Helfern, die sich i.d.R. freitags in und um Dudenhofen treffen. Folgende Aktivit\u00e4ten f\u00fchren sie gemeinsam im Team aus:<\/p>\n\n\n\n<div id=\"wp-block-themeisle-blocks-icon-list-3d539a83\" class=\"wp-block-themeisle-blocks-icon-list\">\n<div id=\"wp-block-themeisle-blocks-icon-list-item-970546d3\" class=\"wp-block-themeisle-blocks-icon-list-item\"><i class=\"fas fa-check wp-block-themeisle-blocks-icon-list-item-icon\"><\/i><p class=\"wp-block-themeisle-blocks-icon-list-item-content\">Obstb\u00e4ume pflanzen, sch\u00fctzen und schneiden<\/p><\/div>\n\n\n\n<div id=\"wp-block-themeisle-blocks-icon-list-item-2b901b2b\" class=\"wp-block-themeisle-blocks-icon-list-item\"><i class=\"fas fa-check wp-block-themeisle-blocks-icon-list-item-icon\"><\/i><p class=\"wp-block-themeisle-blocks-icon-list-item-content\">J\u00e4hrliche Kontrolle von 600 Nistk\u00e4sten<\/p><\/div>\n\n\n\n<div id=\"wp-block-themeisle-blocks-icon-list-item-7c9f207d\" class=\"wp-block-themeisle-blocks-icon-list-item\"><i class=\"fas fa-check wp-block-themeisle-blocks-icon-list-item-icon\"><\/i><p class=\"wp-block-themeisle-blocks-icon-list-item-content\">Insektenschonendes M\u00e4hen der Streuobstwiesen (mit Balkenm\u00e4her)<\/p><\/div>\n\n\n\n<div id=\"wp-block-themeisle-blocks-icon-list-item-eeab706a\" class=\"wp-block-themeisle-blocks-icon-list-item\"><i class=\"fas fa-check wp-block-themeisle-blocks-icon-list-item-icon\"><\/i><p class=\"wp-block-themeisle-blocks-icon-list-item-content\">Anlegen von Kleinstbiotopen <\/p><\/div>\n\n\n\n<div id=\"wp-block-themeisle-blocks-icon-list-item-e1ca43d0\" class=\"wp-block-themeisle-blocks-icon-list-item\"><i class=\"fas fa-check wp-block-themeisle-blocks-icon-list-item-icon\"><\/i><p class=\"wp-block-themeisle-blocks-icon-list-item-content\">Anlegen und W\u00e4ssern von Feldgeh\u00f6lzen<\/p><\/div>\n\n\n\n<div id=\"wp-block-themeisle-blocks-icon-list-item-8edc5c8b\" class=\"wp-block-themeisle-blocks-icon-list-item\"><i class=\"fas fa-check wp-block-themeisle-blocks-icon-list-item-icon\"><\/i><p class=\"wp-block-themeisle-blocks-icon-list-item-content\">und vieles mehr<\/p><\/div>\n<\/div>\n\n\n\n<hr class=\"wp-block-separator has-alpha-channel-opacity is-style-default\"\/>\n\n\n\n<p>Der Natur- und Vogelschutzverein Dudenhofen e.V. betreut mehr als 600 Nistk\u00e4sten in und um Dudenhofen. Die Graphik links gibt einen \u00dcberblick \u00fcber die Nisthilfen und deren Bewohner. Die Graphik rechts zeigt die vier gr\u00f6\u00dften Betreuungsgebiete sowie die Anzahl der darin befindlichen Nisthilfen. Eine Statistik \u00fcber die Anzahl der j\u00e4hrlichen Bruten und Jungv\u00f6gel f\u00fchren wir bereits seit 1989.<\/p>\n\n\n\n<figure class=\"wp-block-gallery alignfull has-nested-images columns-default is-cropped wp-block-gallery-1 is-layout-flex wp-block-gallery-is-layout-flex\">\n<figure class=\"wp-block-image aligncenter size-large\"><img loading=\"lazy\" decoding=\"async\" width=\"885\" height=\"531\" data-id=\"1234\" src=\"http:\/\/test-domain.nvv-dudenhofen.de\/wp-content\/uploads\/2025\/09\/Nistkastenkontrolle.jpg\" alt=\"\" class=\"wp-image-1234\" srcset=\"https:\/\/nvv-dudenhofen.de\/wp-content\/uploads\/2025\/09\/Nistkastenkontrolle.jpg 885w, https:\/\/nvv-dudenhofen.de\/wp-content\/uploads\/2025\/09\/Nistkastenkontrolle-300x180.jpg 300w, https:\/\/nvv-dudenhofen.de\/wp-content\/uploads\/2025\/09\/Nistkastenkontrolle-768x461.jpg 768w\" sizes=\"auto, (max-width: 885px) 100vw, 885px\" \/><\/figure>\n\n\n\n<figure class=\"wp-block-image aligncenter size-large\"><img loading=\"lazy\" decoding=\"async\" width=\"1578\" height=\"888\" data-id=\"1249\" src=\"http:\/\/test-domain.nvv-dudenhofen.de\/wp-content\/uploads\/2025\/09\/Screenshot-2025-04-07-212726-edited-1.png\" alt=\"\" class=\"wp-image-1249\" srcset=\"https:\/\/nvv-dudenhofen.de\/wp-content\/uploads\/2025\/09\/Screenshot-2025-04-07-212726-edited-1.png 1578w, https:\/\/nvv-dudenhofen.de\/wp-content\/uploads\/2025\/09\/Screenshot-2025-04-07-212726-edited-1-300x169.png 300w, https:\/\/nvv-dudenhofen.de\/wp-content\/uploads\/2025\/09\/Screenshot-2025-04-07-212726-edited-1-1024x576.png 1024w, https:\/\/nvv-dudenhofen.de\/wp-content\/uploads\/2025\/09\/Screenshot-2025-04-07-212726-edited-1-768x432.png 768w, https:\/\/nvv-dudenhofen.de\/wp-content\/uploads\/2025\/09\/Screenshot-2025-04-07-212726-edited-1-1536x864.png 1536w\" sizes=\"auto, (max-width: 1578px) 100vw, 1578px\" \/><\/figure>\n<\/figure>\n\n\n\n<figure class=\"wp-block-image alignfull size-large\"><img loading=\"lazy\" decoding=\"async\" width=\"995\" height=\"560\" src=\"http:\/\/test-domain.nvv-dudenhofen.de\/wp-content\/uploads\/2025\/09\/IMG_6376-edited.jpg\" alt=\"\" class=\"wp-image-1101\" srcset=\"https:\/\/nvv-dudenhofen.de\/wp-content\/uploads\/2025\/09\/IMG_6376-edited.jpg 995w, https:\/\/nvv-dudenhofen.de\/wp-content\/uploads\/2025\/09\/IMG_6376-edited-300x169.jpg 300w, https:\/\/nvv-dudenhofen.de\/wp-content\/uploads\/2025\/09\/IMG_6376-edited-768x432.jpg 768w\" sizes=\"auto, (max-width: 995px) 100vw, 995px\" \/><\/figure>\n\n\n\n<hr class=\"wp-block-separator has-alpha-channel-opacity is-style-default\"\/>\n\n\n\n<h2 class=\"wp-block-heading\">Wiederkehrende Arbeitseins\u00e4tze<\/h2>\n\n\n\n<div id=\"wp-block-themeisle-blocks-icon-list-0fa06e26\" class=\"wp-block-themeisle-blocks-icon-list\">\n<div id=\"wp-block-themeisle-blocks-icon-list-item-5afdde5a\" class=\"wp-block-themeisle-blocks-icon-list-item\"><i class=\"fas fa-check wp-block-themeisle-blocks-icon-list-item-icon\"><\/i><p class=\"wp-block-themeisle-blocks-icon-list-item-content\">Pflege der Verkehrsinseln <\/p><\/div>\n\n\n\n<div id=\"wp-block-themeisle-blocks-icon-list-item-857373ea\" class=\"wp-block-themeisle-blocks-icon-list-item\"><i class=\"fas fa-check wp-block-themeisle-blocks-icon-list-item-icon\"><\/i><p class=\"wp-block-themeisle-blocks-icon-list-item-content\">Medienbeitr\u00e4ge, Petitionen u.\u00e4.<\/p><\/div>\n\n\n\n<div id=\"wp-block-themeisle-blocks-icon-list-item-915399d2\" class=\"wp-block-themeisle-blocks-icon-list-item\"><i class=\"fas fa-check wp-block-themeisle-blocks-icon-list-item-icon\"><\/i><p class=\"wp-block-themeisle-blocks-icon-list-item-content\">und vieles mehr<\/p><\/div>\n<\/div>\n\n\n\n<figure class=\"wp-block-image size-full\"><img loading=\"lazy\" decoding=\"async\" width=\"689\" height=\"974\" src=\"http:\/\/test-domain.nvv-dudenhofen.de\/wp-content\/uploads\/2025\/04\/jm2z_3.jpg\" alt=\"\" class=\"wp-image-532\" srcset=\"https:\/\/nvv-dudenhofen.de\/wp-content\/uploads\/2025\/04\/jm2z_3.jpg 689w, https:\/\/nvv-dudenhofen.de\/wp-content\/uploads\/2025\/04\/jm2z_3-212x300.jpg 212w\" sizes=\"auto, (max-width: 689px) 100vw, 689px\" \/><\/figure>\n","protected":false},"excerpt":{"rendered":"<p>Arbeitsgruppen Unser Beitrag zum Naturschutz besteht aus dem Engagement unserer Mitglieder. Dazu organisieren wir uns in eigenst\u00e4ndigen Arbeitsgruppen. Au\u00dferdem treffen wir uns zu gemeinsamen Arbeitseins\u00e4tzen. Das Pflegeteam Unser Pflegeteam besteht aus 5-10 flei\u00dfigen Helfern, die sich i.d.R. freitags in und um Dudenhofen treffen. Folgende Aktivit\u00e4ten f\u00fchren sie gemeinsam im Team aus: Der Natur- und Vogelschutzverein [&hellip;]<\/p>\n","protected":false},"author":2,"featured_media":0,"parent":0,"menu_order":0,"comment_status":"closed","ping_status":"closed","template":"","meta":{"zakra_sidebar_layout":"customizer","zakra_remove_content_margin":false,"zakra_sidebar":"customizer","zakra_transparent_header":"customizer","zakra_logo":0,"zakra_main_header_style":"default","zakra_menu_item_color":"","zakra_menu_item_hover_color":"","zakra_menu_item_active_color":"","zakra_menu_active_style":"","zakra_page_header":true,"_themeisle_gutenberg_block_has_review":false,"footnotes":""},"class_list":["post-515","page","type-page","status-publish","hentry"],"jetpack_sharing_enabled":true,"_links":{"self":[{"href":"https:\/\/nvv-dudenhofen.de\/index.php?rest_route=\/wp\/v2\/pages\/515","targetHints":{"allow":["GET"]}}],"collection":[{"href":"https:\/\/nvv-dudenhofen.de\/index.php?rest_route=\/wp\/v2\/pages"}],"about":[{"href":"https:\/\/nvv-dudenhofen.de\/index.php?rest_route=\/wp\/v2\/types\/page"}],"author":[{"embeddable":true,"href":"https:\/\/nvv-dudenhofen.de\/index.php?rest_route=\/wp\/v2\/users\/2"}],"replies":[{"embeddable":true,"href":"https:\/\/nvv-dudenhofen.de\/index.php?rest_route=%2Fwp%2Fv2%2Fcomments&post=515"}],"version-history":[{"count":10,"href":"https:\/\/nvv-dudenhofen.de\/index.php?rest_route=\/wp\/v2\/pages\/515\/revisions"}],"predecessor-version":[{"id":1282,"href":"https:\/\/nvv-dudenhofen.de\/index.php?rest_route=\/wp\/v2\/pages\/515\/revisions\/1282"}],"wp:attachment":[{"href":"https:\/\/nvv-dudenhofen.de\/index.php?rest_route=%2Fwp%2Fv2%2Fmedia&parent=515"}],"curies":[{"name":"wp","href":"https:\/\/api.w.org\/{rel}","templated":true}]}}