{"id":34,"date":"2024-08-25T12:16:05","date_gmt":"2024-08-25T10:16:05","guid":{"rendered":"http:\/\/test-domain.nvv-dudenhofen.de\/?page_id=34"},"modified":"2025-09-27T17:37:11","modified_gmt":"2025-09-27T15:37:11","slug":"ueber-uns","status":"publish","type":"page","link":"https:\/\/nvv-dudenhofen.de\/?page_id=34","title":{"rendered":"02 Ziele"},"content":{"rendered":"\n<h1 class=\"wp-block-heading has-text-align-center\"><br>Ziele des Vereins<\/h1>\n\n\n\n<p>Unser Ziel ist, die einheimische Kultur- und Naturlandschaft mit ihrer sch\u00fctzenswerten Pflanzen- und Tierwelt zu erhalten und zu f\u00f6rdern<\/p>\n\n\n\n<p>Dazu hat der Verein insgesamt mehr als 20 Hektar Fl\u00e4chen gekauft und gepachtet, auf denen zum Beispiel Streuobstwiesen mit alten, einheimischen Obstsorten angepflanzt und Feuchtbiotope angelegt wurden. Hier entstehen auch neue Feldgeh\u00f6lze und Geb\u00fcsche. Zum Schutz von Singv\u00f6geln und Kleins\u00e4ugern betreut und pflegt der Verein mehr als 600 Nistk\u00e4sten.<\/p>\n\n\n\n<p>Jedes Jahr finden \u00f6ffentliche Veranstaltungen statt, die der Bev\u00f6lkerung die Einmaligkeit und Sch\u00f6nheit der heimischen Natur n\u00e4herbringen sollen, unter anderem durch gef\u00fchrte Naturwanderungen, naturkundliche Vortr\u00e4ge und weitere Veranstaltungen.<\/p>\n\n\n\n<p>Nicht zuletzt liegt dem Verein die Sensibilisierung der nachfolgenden Generation am Herzen. Die Anlage und Pflege des Naturlehrpfades und die NVV-Jugendgruppe sind hierf\u00fcr Beispiele.<\/p>\n\n\n\n<figure class=\"wp-block-image alignwide size-large\"><img loading=\"lazy\" decoding=\"async\" width=\"1024\" height=\"768\" src=\"http:\/\/test-domain.nvv-dudenhofen.de\/wp-content\/uploads\/2025\/09\/IMG_6094-1024x768.jpeg\" alt=\"\" class=\"wp-image-1063\" srcset=\"https:\/\/nvv-dudenhofen.de\/wp-content\/uploads\/2025\/09\/IMG_6094-1024x768.jpeg 1024w, https:\/\/nvv-dudenhofen.de\/wp-content\/uploads\/2025\/09\/IMG_6094-300x225.jpeg 300w, https:\/\/nvv-dudenhofen.de\/wp-content\/uploads\/2025\/09\/IMG_6094-768x576.jpeg 768w, https:\/\/nvv-dudenhofen.de\/wp-content\/uploads\/2025\/09\/IMG_6094-1536x1152.jpeg 1536w, https:\/\/nvv-dudenhofen.de\/wp-content\/uploads\/2025\/09\/IMG_6094.jpeg 2048w\" sizes=\"auto, (max-width: 1024px) 100vw, 1024px\" \/><\/figure>\n","protected":false},"excerpt":{"rendered":"<p>Ziele des Vereins Unser Ziel ist, die einheimische Kultur- und Naturlandschaft mit ihrer sch\u00fctzenswerten Pflanzen- und Tierwelt zu erhalten und zu f\u00f6rdern Dazu hat der Verein insgesamt mehr als 20 Hektar Fl\u00e4chen gekauft und gepachtet, auf denen zum Beispiel Streuobstwiesen mit alten, einheimischen Obstsorten angepflanzt und Feuchtbiotope angelegt wurden. Hier entstehen auch neue Feldgeh\u00f6lze und [&hellip;]<\/p>\n","protected":false},"author":1,"featured_media":0,"parent":0,"menu_order":0,"comment_status":"closed","ping_status":"closed","template":"","meta":{"zakra_sidebar_layout":"customizer","zakra_remove_content_margin":false,"zakra_sidebar":"customizer","zakra_transparent_header":"customizer","zakra_logo":0,"zakra_main_header_style":"default","zakra_menu_item_color":"","zakra_menu_item_hover_color":"","zakra_menu_item_active_color":"","zakra_menu_active_style":"","zakra_page_header":true,"_themeisle_gutenberg_block_has_review":false,"footnotes":""},"class_list":["post-34","page","type-page","status-publish","hentry"],"jetpack_sharing_enabled":true,"_links":{"self":[{"href":"https:\/\/nvv-dudenhofen.de\/index.php?rest_route=\/wp\/v2\/pages\/34","targetHints":{"allow":["GET"]}}],"collection":[{"href":"https:\/\/nvv-dudenhofen.de\/index.php?rest_route=\/wp\/v2\/pages"}],"about":[{"href":"https:\/\/nvv-dudenhofen.de\/index.php?rest_route=\/wp\/v2\/types\/page"}],"author":[{"embeddable":true,"href":"https:\/\/nvv-dudenhofen.de\/index.php?rest_route=\/wp\/v2\/users\/1"}],"replies":[{"embeddable":true,"href":"https:\/\/nvv-dudenhofen.de\/index.php?rest_route=%2Fwp%2Fv2%2Fcomments&post=34"}],"version-history":[{"count":10,"href":"https:\/\/nvv-dudenhofen.de\/index.php?rest_route=\/wp\/v2\/pages\/34\/revisions"}],"predecessor-version":[{"id":1189,"href":"https:\/\/nvv-dudenhofen.de\/index.php?rest_route=\/wp\/v2\/pages\/34\/revisions\/1189"}],"wp:attachment":[{"href":"https:\/\/nvv-dudenhofen.de\/index.php?rest_route=%2Fwp%2Fv2%2Fmedia&parent=34"}],"curies":[{"name":"wp","href":"https:\/\/api.w.org\/{rel}","templated":true}]}}