{"id":311,"date":"2025-03-16T12:30:44","date_gmt":"2025-03-16T11:30:44","guid":{"rendered":"http:\/\/test-domain.nvv-dudenhofen.de\/?page_id=311"},"modified":"2026-02-01T12:58:51","modified_gmt":"2026-02-01T11:58:51","slug":"01a-meldungen","status":"publish","type":"page","link":"https:\/\/nvv-dudenhofen.de\/","title":{"rendered":""},"content":{"rendered":"\n<div class=\"wp-block-media-text alignfull has-media-on-the-right is-stacked-on-mobile is-vertically-aligned-center\" style=\"grid-template-columns:auto 26%\"><div class=\"wp-block-media-text__content\">\n<p class=\"has-text-align-center has-large-font-size\">Willkommen auf der Homepage des <br>Natur- und Vogelschutzvereins <br>Dudenhofen e.V.<\/p>\n<\/div><figure class=\"wp-block-media-text__media\"><img loading=\"lazy\" decoding=\"async\" width=\"570\" height=\"570\" src=\"http:\/\/test-domain.nvv-dudenhofen.de\/wp-content\/uploads\/2025\/09\/Logo.png\" alt=\"\" class=\"wp-image-1087 size-full\" srcset=\"https:\/\/nvv-dudenhofen.de\/wp-content\/uploads\/2025\/09\/Logo.png 570w, https:\/\/nvv-dudenhofen.de\/wp-content\/uploads\/2025\/09\/Logo-300x300.png 300w, https:\/\/nvv-dudenhofen.de\/wp-content\/uploads\/2025\/09\/Logo-150x150.png 150w\" sizes=\"(max-width: 570px) 100vw, 570px\" \/><\/figure><\/div>\n\n\n\n<hr class=\"wp-block-separator has-alpha-channel-opacity\"\/>\n\n\n\n<p>Erfahren Sie mehr \u00fcber unsere Vereinsgeschichte, den Vorstand und Arbeitsgruppen in der Rubrik <em><a href=\"http:\/\/nvv-dudenhofen.de\/?page_id=2\">\u00dcber uns<\/a>.<\/em> Unter <em><a href=\"https:\/\/nvv-dudenhofen.de\/?page_id=34\" data-type=\"link\" data-id=\"https:\/\/nvv-dudenhofen.de\/?page_id=34\">Ziele<\/a><\/em> lesen Sie, was wir mit unserer Arbeit bezwecken und unter <em><a href=\"https:\/\/nvv-dudenhofen.de\/?page_id=622\" data-type=\"link\" data-id=\"https:\/\/nvv-dudenhofen.de\/?page_id=622\">Mitteilungen<\/a> <\/em>finden Sie Vereinsnachrichten und n\u00fctzliche Tipps rund ums Thema Natur. Falls Sie aktiv bei uns mitwirken wollen &#8211; wor\u00fcber wir uns sehr freuen w\u00fcrden &#8211; schauen Sie in der Rubrik <a href=\"https:\/\/nvv-dudenhofen.de\/?page_id=35\" data-type=\"link\" data-id=\"https:\/\/nvv-dudenhofen.de\/?page_id=35\"><em>Mitmachen<\/em><\/a><em> <\/em>vorbei oder schreiben Sie uns eine E-Mail an <strong>info@nvv-dudenhofen.de<\/strong>. <br>Wir w\u00fcnschen Ihnen viel Spa\u00df beim St\u00f6bern und lehrreiche Erkenntnisse!<br><\/p>\n\n\n\n<p>\ud83d\udcc6 <strong>Neuigkeiten und Termine<\/strong> finden Sie stets auf dieser Startseite.<\/p>\n\n\n<div class=\"has-light-bg is-style-boxed wp-block-themeisle-blocks-posts-grid\" id=\"wp-block-themeisle-blocks-posts-grid-92fad6e6\"><div class=\"is-list\"><div class=\"o-posts-grid-post-blog o-posts-grid-post-plain\"><div class=\"o-posts-grid-post\"><div class=\"o-posts-grid-post-body is-full\"><h4 class=\"o-posts-grid-post-title\"><a href=\"https:\/\/nvv-dudenhofen.de\/?p=1749\">Natur- und Gartentipp M\u00e4rz: Mit Beginn der Brut- und Setzzeit bitten wir alle Hundebesitzer, ihre Hunde beim Spaziergang in der Natur an die Leine zu nehmen<\/a><\/h4><\/div><\/div><\/div><div class=\"o-posts-grid-post-blog o-posts-grid-post-plain\"><div class=\"o-posts-grid-post\"><div class=\"o-posts-grid-post-body is-full\"><h4 class=\"o-posts-grid-post-title\"><a href=\"https:\/\/nvv-dudenhofen.de\/?p=1423\">Vogelstimmenwanderung: 3. Mai 2026, 8 Uhr<\/a><\/h4><\/div><\/div><\/div><div class=\"o-posts-grid-post-blog o-posts-grid-post-plain\"><div class=\"o-posts-grid-post\"><div class=\"o-posts-grid-post-body is-full\"><h4 class=\"o-posts-grid-post-title\"><a href=\"https:\/\/nvv-dudenhofen.de\/?p=1426\">Einladung zur Nacht im Wald: 26. Juni 2026<\/a><\/h4><\/div><\/div><\/div><\/div> <\/div>\n\n\n<p><br><strong>Impressionen aus dem Vereinsleben:<\/strong><\/p>\n\n\n\n<figure class=\"wp-block-gallery has-nested-images columns-default is-cropped wp-block-gallery-1 is-layout-flex wp-block-gallery-is-layout-flex\">\n<figure class=\"wp-block-image\"><img loading=\"lazy\" decoding=\"async\" width=\"1536\" height=\"1152\" data-id=\"1109\" src=\"http:\/\/test-domain.nvv-dudenhofen.de\/wp-content\/uploads\/2025\/09\/IMG_5889-edited.jpeg\" alt=\"\" class=\"wp-image-1109\" srcset=\"https:\/\/nvv-dudenhofen.de\/wp-content\/uploads\/2025\/09\/IMG_5889-edited.jpeg 1536w, https:\/\/nvv-dudenhofen.de\/wp-content\/uploads\/2025\/09\/IMG_5889-edited-300x225.jpeg 300w, https:\/\/nvv-dudenhofen.de\/wp-content\/uploads\/2025\/09\/IMG_5889-edited-1024x768.jpeg 1024w, https:\/\/nvv-dudenhofen.de\/wp-content\/uploads\/2025\/09\/IMG_5889-edited-768x576.jpeg 768w\" sizes=\"(max-width: 1536px) 100vw, 1536px\" \/><\/figure>\n\n\n\n<figure class=\"wp-block-image size-large\"><img loading=\"lazy\" decoding=\"async\" width=\"1024\" height=\"768\" data-id=\"1036\" src=\"http:\/\/test-domain.nvv-dudenhofen.de\/wp-content\/uploads\/2025\/09\/IMG_4074-1024x768.jpeg\" alt=\"\" class=\"wp-image-1036\" srcset=\"https:\/\/nvv-dudenhofen.de\/wp-content\/uploads\/2025\/09\/IMG_4074-1024x768.jpeg 1024w, https:\/\/nvv-dudenhofen.de\/wp-content\/uploads\/2025\/09\/IMG_4074-300x225.jpeg 300w, https:\/\/nvv-dudenhofen.de\/wp-content\/uploads\/2025\/09\/IMG_4074-768x576.jpeg 768w, https:\/\/nvv-dudenhofen.de\/wp-content\/uploads\/2025\/09\/IMG_4074-1536x1152.jpeg 1536w, https:\/\/nvv-dudenhofen.de\/wp-content\/uploads\/2025\/09\/IMG_4074.jpeg 2048w\" sizes=\"(max-width: 1024px) 100vw, 1024px\" \/><\/figure>\n\n\n\n<figure class=\"wp-block-image size-large\"><a href=\"https:\/\/nvv-dudenhofen.de\/wp-content\/uploads\/2025\/09\/IMG_4112.jpeg\"><img loading=\"lazy\" decoding=\"async\" width=\"1024\" height=\"768\" data-id=\"1043\" src=\"https:\/\/nvv-dudenhofen.de\/wp-content\/uploads\/2025\/09\/IMG_4112-1024x768.jpeg\" alt=\"\" class=\"wp-image-1043\" srcset=\"https:\/\/nvv-dudenhofen.de\/wp-content\/uploads\/2025\/09\/IMG_4112-1024x768.jpeg 1024w, https:\/\/nvv-dudenhofen.de\/wp-content\/uploads\/2025\/09\/IMG_4112-300x225.jpeg 300w, https:\/\/nvv-dudenhofen.de\/wp-content\/uploads\/2025\/09\/IMG_4112-768x576.jpeg 768w, https:\/\/nvv-dudenhofen.de\/wp-content\/uploads\/2025\/09\/IMG_4112-1536x1152.jpeg 1536w, https:\/\/nvv-dudenhofen.de\/wp-content\/uploads\/2025\/09\/IMG_4112.jpeg 2048w\" sizes=\"(max-width: 1024px) 100vw, 1024px\" \/><\/a><\/figure>\n\n\n\n<figure class=\"wp-block-image\"><img loading=\"lazy\" decoding=\"async\" width=\"2048\" height=\"1536\" data-id=\"1055\" src=\"http:\/\/test-domain.nvv-dudenhofen.de\/wp-content\/uploads\/2025\/09\/IMG_4925.jpeg\" alt=\"\" class=\"wp-image-1055\" srcset=\"https:\/\/nvv-dudenhofen.de\/wp-content\/uploads\/2025\/09\/IMG_4925.jpeg 2048w, https:\/\/nvv-dudenhofen.de\/wp-content\/uploads\/2025\/09\/IMG_4925-300x225.jpeg 300w, https:\/\/nvv-dudenhofen.de\/wp-content\/uploads\/2025\/09\/IMG_4925-1024x768.jpeg 1024w, https:\/\/nvv-dudenhofen.de\/wp-content\/uploads\/2025\/09\/IMG_4925-768x576.jpeg 768w, https:\/\/nvv-dudenhofen.de\/wp-content\/uploads\/2025\/09\/IMG_4925-1536x1152.jpeg 1536w\" sizes=\"(max-width: 2048px) 100vw, 2048px\" \/><\/figure>\n\n\n\n<figure class=\"wp-block-image size-large\"><img loading=\"lazy\" decoding=\"async\" width=\"1024\" height=\"768\" data-id=\"1069\" src=\"http:\/\/test-domain.nvv-dudenhofen.de\/wp-content\/uploads\/2025\/09\/IMG_6518-1024x768.jpeg\" alt=\"\" class=\"wp-image-1069\" srcset=\"https:\/\/nvv-dudenhofen.de\/wp-content\/uploads\/2025\/09\/IMG_6518-1024x768.jpeg 1024w, https:\/\/nvv-dudenhofen.de\/wp-content\/uploads\/2025\/09\/IMG_6518-300x225.jpeg 300w, https:\/\/nvv-dudenhofen.de\/wp-content\/uploads\/2025\/09\/IMG_6518-768x576.jpeg 768w, https:\/\/nvv-dudenhofen.de\/wp-content\/uploads\/2025\/09\/IMG_6518-1536x1152.jpeg 1536w, https:\/\/nvv-dudenhofen.de\/wp-content\/uploads\/2025\/09\/IMG_6518.jpeg 2048w\" sizes=\"(max-width: 1024px) 100vw, 1024px\" \/><\/figure>\n\n\n\n<figure class=\"wp-block-image size-large\"><img loading=\"lazy\" decoding=\"async\" width=\"1024\" height=\"768\" data-id=\"1031\" src=\"http:\/\/test-domain.nvv-dudenhofen.de\/wp-content\/uploads\/2025\/09\/IMG_1081-1024x768.jpeg\" alt=\"\" class=\"wp-image-1031\" srcset=\"https:\/\/nvv-dudenhofen.de\/wp-content\/uploads\/2025\/09\/IMG_1081-1024x768.jpeg 1024w, https:\/\/nvv-dudenhofen.de\/wp-content\/uploads\/2025\/09\/IMG_1081-300x225.jpeg 300w, https:\/\/nvv-dudenhofen.de\/wp-content\/uploads\/2025\/09\/IMG_1081-768x576.jpeg 768w, https:\/\/nvv-dudenhofen.de\/wp-content\/uploads\/2025\/09\/IMG_1081-1536x1152.jpeg 1536w, https:\/\/nvv-dudenhofen.de\/wp-content\/uploads\/2025\/09\/IMG_1081.jpeg 2048w\" sizes=\"(max-width: 1024px) 100vw, 1024px\" \/><\/figure>\n\n\n\n<figure class=\"wp-block-image\"><img loading=\"lazy\" decoding=\"async\" width=\"2048\" height=\"1536\" data-id=\"1082\" src=\"http:\/\/test-domain.nvv-dudenhofen.de\/wp-content\/uploads\/2025\/09\/IMG_8611.jpeg\" alt=\"\" class=\"wp-image-1082\" srcset=\"https:\/\/nvv-dudenhofen.de\/wp-content\/uploads\/2025\/09\/IMG_8611.jpeg 2048w, https:\/\/nvv-dudenhofen.de\/wp-content\/uploads\/2025\/09\/IMG_8611-300x225.jpeg 300w, https:\/\/nvv-dudenhofen.de\/wp-content\/uploads\/2025\/09\/IMG_8611-1024x768.jpeg 1024w, https:\/\/nvv-dudenhofen.de\/wp-content\/uploads\/2025\/09\/IMG_8611-768x576.jpeg 768w, https:\/\/nvv-dudenhofen.de\/wp-content\/uploads\/2025\/09\/IMG_8611-1536x1152.jpeg 1536w\" sizes=\"(max-width: 2048px) 100vw, 2048px\" \/><\/figure>\n\n\n\n<figure class=\"wp-block-image size-large\"><img loading=\"lazy\" decoding=\"async\" width=\"1536\" height=\"1152\" data-id=\"1118\" src=\"http:\/\/test-domain.nvv-dudenhofen.de\/wp-content\/uploads\/2025\/09\/IMG_6099-edited.jpeg\" alt=\"\" class=\"wp-image-1118\" srcset=\"https:\/\/nvv-dudenhofen.de\/wp-content\/uploads\/2025\/09\/IMG_6099-edited.jpeg 1536w, https:\/\/nvv-dudenhofen.de\/wp-content\/uploads\/2025\/09\/IMG_6099-edited-300x225.jpeg 300w, https:\/\/nvv-dudenhofen.de\/wp-content\/uploads\/2025\/09\/IMG_6099-edited-1024x768.jpeg 1024w, https:\/\/nvv-dudenhofen.de\/wp-content\/uploads\/2025\/09\/IMG_6099-edited-768x576.jpeg 768w\" sizes=\"(max-width: 1536px) 100vw, 1536px\" \/><\/figure>\n\n\n\n<figure class=\"wp-block-image\"><img loading=\"lazy\" decoding=\"async\" width=\"2048\" height=\"1536\" data-id=\"1039\" src=\"http:\/\/test-domain.nvv-dudenhofen.de\/wp-content\/uploads\/2025\/09\/IMG_4088.jpeg\" alt=\"\" class=\"wp-image-1039\" srcset=\"https:\/\/nvv-dudenhofen.de\/wp-content\/uploads\/2025\/09\/IMG_4088.jpeg 2048w, https:\/\/nvv-dudenhofen.de\/wp-content\/uploads\/2025\/09\/IMG_4088-300x225.jpeg 300w, https:\/\/nvv-dudenhofen.de\/wp-content\/uploads\/2025\/09\/IMG_4088-1024x768.jpeg 1024w, https:\/\/nvv-dudenhofen.de\/wp-content\/uploads\/2025\/09\/IMG_4088-768x576.jpeg 768w, https:\/\/nvv-dudenhofen.de\/wp-content\/uploads\/2025\/09\/IMG_4088-1536x1152.jpeg 1536w\" sizes=\"(max-width: 2048px) 100vw, 2048px\" \/><\/figure>\n\n\n\n<figure class=\"wp-block-image\"><img loading=\"lazy\" decoding=\"async\" width=\"2048\" height=\"1536\" data-id=\"1074\" src=\"http:\/\/test-domain.nvv-dudenhofen.de\/wp-content\/uploads\/2025\/09\/IMG_8548.jpeg\" alt=\"\" class=\"wp-image-1074\" srcset=\"https:\/\/nvv-dudenhofen.de\/wp-content\/uploads\/2025\/09\/IMG_8548.jpeg 2048w, https:\/\/nvv-dudenhofen.de\/wp-content\/uploads\/2025\/09\/IMG_8548-300x225.jpeg 300w, https:\/\/nvv-dudenhofen.de\/wp-content\/uploads\/2025\/09\/IMG_8548-1024x768.jpeg 1024w, https:\/\/nvv-dudenhofen.de\/wp-content\/uploads\/2025\/09\/IMG_8548-768x576.jpeg 768w, https:\/\/nvv-dudenhofen.de\/wp-content\/uploads\/2025\/09\/IMG_8548-1536x1152.jpeg 1536w\" sizes=\"(max-width: 2048px) 100vw, 2048px\" \/><\/figure>\n\n\n\n<figure class=\"wp-block-image size-full\"><img loading=\"lazy\" decoding=\"async\" width=\"220\" height=\"157\" data-id=\"15\" src=\"https:\/\/nvv-dudenhofen.de\/wp-content\/uploads\/2024\/08\/382-1.jpg\" alt=\"\" class=\"wp-image-15\"\/><\/figure>\n\n\n\n<figure class=\"wp-block-image\"><img loading=\"lazy\" decoding=\"async\" width=\"2048\" height=\"1536\" data-id=\"1050\" src=\"http:\/\/test-domain.nvv-dudenhofen.de\/wp-content\/uploads\/2025\/09\/IMG_4915.jpeg\" alt=\"\" class=\"wp-image-1050\" srcset=\"https:\/\/nvv-dudenhofen.de\/wp-content\/uploads\/2025\/09\/IMG_4915.jpeg 2048w, https:\/\/nvv-dudenhofen.de\/wp-content\/uploads\/2025\/09\/IMG_4915-300x225.jpeg 300w, https:\/\/nvv-dudenhofen.de\/wp-content\/uploads\/2025\/09\/IMG_4915-1024x768.jpeg 1024w, https:\/\/nvv-dudenhofen.de\/wp-content\/uploads\/2025\/09\/IMG_4915-768x576.jpeg 768w, https:\/\/nvv-dudenhofen.de\/wp-content\/uploads\/2025\/09\/IMG_4915-1536x1152.jpeg 1536w\" sizes=\"(max-width: 2048px) 100vw, 2048px\" \/><\/figure>\n\n\n\n<figure class=\"wp-block-image\"><img loading=\"lazy\" decoding=\"async\" width=\"2048\" height=\"1536\" data-id=\"1052\" src=\"http:\/\/test-domain.nvv-dudenhofen.de\/wp-content\/uploads\/2025\/09\/IMG_4920.jpeg\" alt=\"\" class=\"wp-image-1052\" srcset=\"https:\/\/nvv-dudenhofen.de\/wp-content\/uploads\/2025\/09\/IMG_4920.jpeg 2048w, https:\/\/nvv-dudenhofen.de\/wp-content\/uploads\/2025\/09\/IMG_4920-300x225.jpeg 300w, https:\/\/nvv-dudenhofen.de\/wp-content\/uploads\/2025\/09\/IMG_4920-1024x768.jpeg 1024w, https:\/\/nvv-dudenhofen.de\/wp-content\/uploads\/2025\/09\/IMG_4920-768x576.jpeg 768w, https:\/\/nvv-dudenhofen.de\/wp-content\/uploads\/2025\/09\/IMG_4920-1536x1152.jpeg 1536w\" sizes=\"(max-width: 2048px) 100vw, 2048px\" \/><\/figure>\n\n\n\n<figure class=\"wp-block-image\"><img loading=\"lazy\" decoding=\"async\" width=\"2048\" height=\"1536\" data-id=\"1083\" src=\"http:\/\/test-domain.nvv-dudenhofen.de\/wp-content\/uploads\/2025\/09\/IMG_8641.jpeg\" alt=\"\" class=\"wp-image-1083\" srcset=\"https:\/\/nvv-dudenhofen.de\/wp-content\/uploads\/2025\/09\/IMG_8641.jpeg 2048w, https:\/\/nvv-dudenhofen.de\/wp-content\/uploads\/2025\/09\/IMG_8641-300x225.jpeg 300w, https:\/\/nvv-dudenhofen.de\/wp-content\/uploads\/2025\/09\/IMG_8641-1024x768.jpeg 1024w, https:\/\/nvv-dudenhofen.de\/wp-content\/uploads\/2025\/09\/IMG_8641-768x576.jpeg 768w, https:\/\/nvv-dudenhofen.de\/wp-content\/uploads\/2025\/09\/IMG_8641-1536x1152.jpeg 1536w\" sizes=\"(max-width: 2048px) 100vw, 2048px\" \/><\/figure>\n\n\n\n<figure class=\"wp-block-image\"><img loading=\"lazy\" decoding=\"async\" width=\"2048\" height=\"1536\" data-id=\"1033\" src=\"http:\/\/test-domain.nvv-dudenhofen.de\/wp-content\/uploads\/2025\/09\/IMG_1089.jpeg\" alt=\"\" class=\"wp-image-1033\" srcset=\"https:\/\/nvv-dudenhofen.de\/wp-content\/uploads\/2025\/09\/IMG_1089.jpeg 2048w, https:\/\/nvv-dudenhofen.de\/wp-content\/uploads\/2025\/09\/IMG_1089-300x225.jpeg 300w, https:\/\/nvv-dudenhofen.de\/wp-content\/uploads\/2025\/09\/IMG_1089-1024x768.jpeg 1024w, https:\/\/nvv-dudenhofen.de\/wp-content\/uploads\/2025\/09\/IMG_1089-768x576.jpeg 768w, https:\/\/nvv-dudenhofen.de\/wp-content\/uploads\/2025\/09\/IMG_1089-1536x1152.jpeg 1536w\" sizes=\"(max-width: 2048px) 100vw, 2048px\" \/><\/figure>\n<\/figure>\n","protected":false},"excerpt":{"rendered":"<p>Willkommen auf der Homepage des Natur- und Vogelschutzvereins Dudenhofen e.V. Erfahren Sie mehr \u00fcber unsere Vereinsgeschichte, den Vorstand und Arbeitsgruppen in der Rubrik \u00dcber uns. Unter Ziele lesen Sie, was wir mit unserer Arbeit bezwecken und unter Mitteilungen finden Sie Vereinsnachrichten und n\u00fctzliche Tipps rund ums Thema Natur. Falls Sie aktiv bei uns mitwirken wollen [&hellip;]<\/p>\n","protected":false},"author":1,"featured_media":0,"parent":0,"menu_order":0,"comment_status":"closed","ping_status":"closed","template":"","meta":{"zakra_sidebar_layout":"customizer","zakra_remove_content_margin":false,"zakra_sidebar":"customizer","zakra_transparent_header":"customizer","zakra_logo":0,"zakra_main_header_style":"default","zakra_menu_item_color":"","zakra_menu_item_hover_color":"","zakra_menu_item_active_color":"","zakra_menu_active_style":"","zakra_page_header":true,"_themeisle_gutenberg_block_has_review":false,"footnotes":""},"class_list":["post-311","page","type-page","status-publish","hentry"],"jetpack_sharing_enabled":true,"_links":{"self":[{"href":"https:\/\/nvv-dudenhofen.de\/index.php?rest_route=\/wp\/v2\/pages\/311","targetHints":{"allow":["GET"]}}],"collection":[{"href":"https:\/\/nvv-dudenhofen.de\/index.php?rest_route=\/wp\/v2\/pages"}],"about":[{"href":"https:\/\/nvv-dudenhofen.de\/index.php?rest_route=\/wp\/v2\/types\/page"}],"author":[{"embeddable":true,"href":"https:\/\/nvv-dudenhofen.de\/index.php?rest_route=\/wp\/v2\/users\/1"}],"replies":[{"embeddable":true,"href":"https:\/\/nvv-dudenhofen.de\/index.php?rest_route=%2Fwp%2Fv2%2Fcomments&post=311"}],"version-history":[{"count":10,"href":"https:\/\/nvv-dudenhofen.de\/index.php?rest_route=\/wp\/v2\/pages\/311\/revisions"}],"predecessor-version":[{"id":1730,"href":"https:\/\/nvv-dudenhofen.de\/index.php?rest_route=\/wp\/v2\/pages\/311\/revisions\/1730"}],"wp:attachment":[{"href":"https:\/\/nvv-dudenhofen.de\/index.php?rest_route=%2Fwp%2Fv2%2Fmedia&parent=311"}],"curies":[{"name":"wp","href":"https:\/\/api.w.org\/{rel}","templated":true}]}}