{"id":2,"date":"2024-08-25T11:52:44","date_gmt":"2024-08-25T09:52:44","guid":{"rendered":"http:\/\/test-domain.nvv-dudenhofen.de\/?page_id=2"},"modified":"2025-11-02T19:10:22","modified_gmt":"2025-11-02T18:10:22","slug":"beispiel-seite","status":"publish","type":"page","link":"https:\/\/nvv-dudenhofen.de\/?page_id=2","title":{"rendered":"01 Wir und unsere Geschichte"},"content":{"rendered":"\n<h1 class=\"wp-block-heading has-text-align-center\"><br>Wir und unsere Geschichte<\/h1>\n\n\n\n<figure class=\"wp-block-gallery alignleft has-nested-images columns-default is-cropped wp-block-gallery-1 is-layout-flex wp-block-gallery-is-layout-flex\">\n<figure class=\"wp-block-image size-large\"><img loading=\"lazy\" decoding=\"async\" width=\"726\" height=\"1024\" data-id=\"1155\" src=\"http:\/\/test-domain.nvv-dudenhofen.de\/wp-content\/uploads\/2025\/09\/IMG_0035-1-726x1024.jpeg\" alt=\"\" class=\"wp-image-1155\" srcset=\"https:\/\/nvv-dudenhofen.de\/wp-content\/uploads\/2025\/09\/IMG_0035-1-726x1024.jpeg 726w, https:\/\/nvv-dudenhofen.de\/wp-content\/uploads\/2025\/09\/IMG_0035-1-213x300.jpeg 213w, https:\/\/nvv-dudenhofen.de\/wp-content\/uploads\/2025\/09\/IMG_0035-1-768x1083.jpeg 768w, https:\/\/nvv-dudenhofen.de\/wp-content\/uploads\/2025\/09\/IMG_0035-1-1089x1536.jpeg 1089w, https:\/\/nvv-dudenhofen.de\/wp-content\/uploads\/2025\/09\/IMG_0035-1.jpeg 1310w\" sizes=\"auto, (max-width: 726px) 100vw, 726px\" \/><\/figure>\n<\/figure>\n\n\n\n<hr class=\"wp-block-separator has-alpha-channel-opacity\"\/>\n\n\n\n<p><\/p>\n\n\n\n<p><\/p>\n\n\n\n<p>Am 22. M\u00e4rz 1956 kamen im ehemaligen Gasthaus &#8222;Zum Storchen&#8220; in Dudenhofen 27 B\u00fcrgerinnen und B\u00fcrger zusammen, um sich aufgrund ihrer gemeinsamen Liebe zur Natur und zur Vogelwelt in einem Verein zusammenzuschlie\u00dfen. Dies war die Geburtsstunde des heutigen Natur- und Vogelschutzvereins. Zum 1. Vorsitzenden wurde Karl-Heinrich Bettag gew\u00e4hlt, w\u00e4hrend Benno Z\u00fcrker das Amt des 2. Vorsitzenden \u00fcbernahm.<\/p>\n\n\n\n<p>In den ersten Jahren k\u00fcmmerte sich der Verein prim\u00e4r um die Winterf\u00fctterung der V\u00f6gel und die Betreuung der Nisth\u00f6hlen. Mit der Zeit erweiterte sich das Engagement des Vereins. Es wurden zahlreiche Vortr\u00e4ge und Filme \u00fcber die Vogelwelt sowie die Tiere und Pflanzen unserer Heimat organisiert. H\u00e4ufige Wanderungen trugen ebenfalls zur Verbreitung des Naturbewusstseins bei. Diese Aktivit\u00e4ten f\u00fchrten zu einem stetigen Anstieg der Mitgliederzahlen.<\/p>\n\n\n\n<p>Im Jahr 1967 z\u00e4hlte der Verein 35 Mitglieder, 1968 waren es 44.<\/p>\n\n\n\n<p>Im Jahr 1981 feierte der Natur- und Vogelschutzverein sein 25-j\u00e4hriges Vereinsjubil\u00e4ums mit einem gro\u00dfen Festakt in der Festhalle Dudenhofen und wurde dadurch in der \u00d6ffentlichkeit immer mehr wahrgenommen. Dies f\u00fchrte auch zu der gestiegenen Mitgliederzahl von 144 in Juni 1981. Zu dieser Zeit waren Franz Sch\u00e4tzle der 1. Vorsitzende und Willi Aures der 2. Vorsitzende; beide wurden am 14.03.1973 in dieses Amt gew\u00e4hlt. In dieser Zeit wurde auch der Grundstein des Naturlehrpfades gelegt. Dieser wurde in vielen privaten Arbeits- und Urlaubsstunden einzelner Mitglieder als Ort der Artenvielfalt angelegt und am 20.05.1979 durch B\u00fcrgermeister Josef Zettler symbolisch der \u00d6ffentlichkeit \u00fcbergeben.<\/p>\n\n\n\n<p>In den vergangenen Jahrzehnten ist der Natur- und Vogelschutzverein stets gewachsen \u2013 einerseits an Mitgliedern, andererseits auch an Erfahrung und neuen Ideen.<\/p>\n\n\n\n<p>Der Verein setzt sich bis heute aktiv f\u00fcr den Schutz und die Pflege unserer nat\u00fcrlichen Umwelt ein und freut sich \u00fcber jedes neue Mitglied, das unsere Leidenschaft f\u00fcr die Natur teilt. Dazu hat der Verein insgesamt mehr als 20 Hektar Fl\u00e4chen gekauft und gepachtet, auf denen zum Beispiel Streuobstwiesen mit alten, einheimischen Obstsorten angepflanzt und Feuchtbiotope angelegt wurden. Hier entstehen auch neue Feldgeh\u00f6lze und Geb\u00fcsche. Zum Schutz von Singv\u00f6geln und Kleins\u00e4ugern betreut und pflegt der Verein mehr als 600 Nistk\u00e4sten. Jedes Jahr finden \u00f6ffentliche Veranstaltungen statt, die der Bev\u00f6lkerung die Einmaligkeit und Sch\u00f6nheit der heimischen Natur n\u00e4herbringen sollen, unter anderem durch gef\u00fchrte Naturwanderungen, naturkundliche Vortr\u00e4ge und weitere Veranstaltungen. Nicht zuletzt liegt dem Verein die Sensibilisierung der nachfolgenden Generation am Herzen.<\/p>\n","protected":false},"excerpt":{"rendered":"<p>Wir und unsere Geschichte Am 22. M\u00e4rz 1956 kamen im ehemaligen Gasthaus &#8222;Zum Storchen&#8220; in Dudenhofen 27 B\u00fcrgerinnen und B\u00fcrger zusammen, um sich aufgrund ihrer gemeinsamen Liebe zur Natur und zur Vogelwelt in einem Verein zusammenzuschlie\u00dfen. Dies war die Geburtsstunde des heutigen Natur- und Vogelschutzvereins. Zum 1. Vorsitzenden wurde Karl-Heinrich Bettag gew\u00e4hlt, w\u00e4hrend Benno Z\u00fcrker [&hellip;]<\/p>\n","protected":false},"author":1,"featured_media":0,"parent":0,"menu_order":0,"comment_status":"closed","ping_status":"open","template":"","meta":{"zakra_sidebar_layout":"customizer","zakra_remove_content_margin":false,"zakra_sidebar":"customizer","zakra_transparent_header":"customizer","zakra_logo":0,"zakra_main_header_style":"default","zakra_menu_item_color":"","zakra_menu_item_hover_color":"","zakra_menu_item_active_color":"","zakra_menu_active_style":"","zakra_page_header":true,"_themeisle_gutenberg_block_has_review":false,"footnotes":""},"class_list":["post-2","page","type-page","status-publish","hentry"],"jetpack_sharing_enabled":true,"_links":{"self":[{"href":"https:\/\/nvv-dudenhofen.de\/index.php?rest_route=\/wp\/v2\/pages\/2","targetHints":{"allow":["GET"]}}],"collection":[{"href":"https:\/\/nvv-dudenhofen.de\/index.php?rest_route=\/wp\/v2\/pages"}],"about":[{"href":"https:\/\/nvv-dudenhofen.de\/index.php?rest_route=\/wp\/v2\/types\/page"}],"author":[{"embeddable":true,"href":"https:\/\/nvv-dudenhofen.de\/index.php?rest_route=\/wp\/v2\/users\/1"}],"replies":[{"embeddable":true,"href":"https:\/\/nvv-dudenhofen.de\/index.php?rest_route=%2Fwp%2Fv2%2Fcomments&post=2"}],"version-history":[{"count":10,"href":"https:\/\/nvv-dudenhofen.de\/index.php?rest_route=\/wp\/v2\/pages\/2\/revisions"}],"predecessor-version":[{"id":1389,"href":"https:\/\/nvv-dudenhofen.de\/index.php?rest_route=\/wp\/v2\/pages\/2\/revisions\/1389"}],"wp:attachment":[{"href":"https:\/\/nvv-dudenhofen.de\/index.php?rest_route=%2Fwp%2Fv2%2Fmedia&parent=2"}],"curies":[{"name":"wp","href":"https:\/\/api.w.org\/{rel}","templated":true}]}}