{"id":185,"date":"2025-03-15T12:05:58","date_gmt":"2025-03-15T11:05:58","guid":{"rendered":"http:\/\/test-domain.nvv-dudenhofen.de\/?page_id=185"},"modified":"2026-01-15T22:55:50","modified_gmt":"2026-01-15T21:55:50","slug":"05-a-presseberichte","status":"publish","type":"page","link":"https:\/\/nvv-dudenhofen.de\/?page_id=185","title":{"rendered":"03.A Presseberichte"},"content":{"rendered":"\n<h1 class=\"wp-block-heading has-text-align-center\"><br>Presseberichte und Vereinsmitteilungen<\/h1>\n\n\n\n<p>Auf dieser Seite m\u00f6chten wie Ihnen Berichte rund um den Natur- und Vogelschutzverein zum Download zur Verf\u00fcgung stellen. Die Linksammlung wird mit der Zeit wachsen.<\/p>\n\n\n\n<p><\/p>\n\n\n<ul class=\"wp-block-latest-posts__list wp-block-latest-posts has-background has-light-gray-background-color\"><li><a class=\"wp-block-latest-posts__post-title\" href=\"https:\/\/nvv-dudenhofen.de\/?p=1311\">Umweltschutzpreis 2018 des Rhein-Pfalz-Kreis gewonnen: Bericht der Rheinpfalz 08.12.2018<\/a><\/li>\n<li><a class=\"wp-block-latest-posts__post-title\" href=\"https:\/\/nvv-dudenhofen.de\/?p=1308\">Neujahrsempfang der OG Dudenhofen und Ehrung 2019 (Bericht der Rheinpfalz 05.01.2019)<\/a><\/li>\n<li><a class=\"wp-block-latest-posts__post-title\" href=\"https:\/\/nvv-dudenhofen.de\/?p=1293\">Naturlehrpfad im Wandel der Zeit<\/a><\/li>\n<li><a class=\"wp-block-latest-posts__post-title\" href=\"https:\/\/nvv-dudenhofen.de\/?p=777\">Dudenhofener Sandd\u00fcnen<\/a><\/li>\n<li><a class=\"wp-block-latest-posts__post-title\" href=\"https:\/\/nvv-dudenhofen.de\/?p=767\">Franz Stalla \u00fcberl\u00e4sst dem Verein 2012 seine Tierpr\u00e4parate-Sammlung<\/a><\/li>\n<\/ul>\n\n\n<figure class=\"wp-block-image size-large\"><img loading=\"lazy\" decoding=\"async\" width=\"1024\" height=\"682\" src=\"https:\/\/nvv-dudenhofen.de\/wp-content\/uploads\/2026\/01\/newspaper-2253408_1280-1024x682.jpg\" alt=\"\" class=\"wp-image-1524\" srcset=\"https:\/\/nvv-dudenhofen.de\/wp-content\/uploads\/2026\/01\/newspaper-2253408_1280-1024x682.jpg 1024w, https:\/\/nvv-dudenhofen.de\/wp-content\/uploads\/2026\/01\/newspaper-2253408_1280-300x200.jpg 300w, https:\/\/nvv-dudenhofen.de\/wp-content\/uploads\/2026\/01\/newspaper-2253408_1280-768x512.jpg 768w, https:\/\/nvv-dudenhofen.de\/wp-content\/uploads\/2026\/01\/newspaper-2253408_1280.jpg 1280w\" sizes=\"auto, (max-width: 1024px) 100vw, 1024px\" \/><\/figure>\n","protected":false},"excerpt":{"rendered":"<p>Presseberichte und Vereinsmitteilungen Auf dieser Seite m\u00f6chten wie Ihnen Berichte rund um den Natur- und Vogelschutzverein zum Download zur Verf\u00fcgung stellen. Die Linksammlung wird mit der Zeit wachsen.<\/p>\n","protected":false},"author":1,"featured_media":0,"parent":0,"menu_order":0,"comment_status":"closed","ping_status":"closed","template":"","meta":{"zakra_sidebar_layout":"customizer","zakra_remove_content_margin":false,"zakra_sidebar":"customizer","zakra_transparent_header":"customizer","zakra_logo":0,"zakra_main_header_style":"default","zakra_menu_item_color":"","zakra_menu_item_hover_color":"","zakra_menu_item_active_color":"","zakra_menu_active_style":"","zakra_page_header":true,"_themeisle_gutenberg_block_has_review":false,"footnotes":""},"class_list":["post-185","page","type-page","status-publish","hentry"],"jetpack_sharing_enabled":true,"_links":{"self":[{"href":"https:\/\/nvv-dudenhofen.de\/index.php?rest_route=\/wp\/v2\/pages\/185","targetHints":{"allow":["GET"]}}],"collection":[{"href":"https:\/\/nvv-dudenhofen.de\/index.php?rest_route=\/wp\/v2\/pages"}],"about":[{"href":"https:\/\/nvv-dudenhofen.de\/index.php?rest_route=\/wp\/v2\/types\/page"}],"author":[{"embeddable":true,"href":"https:\/\/nvv-dudenhofen.de\/index.php?rest_route=\/wp\/v2\/users\/1"}],"replies":[{"embeddable":true,"href":"https:\/\/nvv-dudenhofen.de\/index.php?rest_route=%2Fwp%2Fv2%2Fcomments&post=185"}],"version-history":[{"count":9,"href":"https:\/\/nvv-dudenhofen.de\/index.php?rest_route=\/wp\/v2\/pages\/185\/revisions"}],"predecessor-version":[{"id":1525,"href":"https:\/\/nvv-dudenhofen.de\/index.php?rest_route=\/wp\/v2\/pages\/185\/revisions\/1525"}],"wp:attachment":[{"href":"https:\/\/nvv-dudenhofen.de\/index.php?rest_route=%2Fwp%2Fv2%2Fmedia&parent=185"}],"curies":[{"name":"wp","href":"https:\/\/api.w.org\/{rel}","templated":true}]}}