{"id":130,"date":"2025-03-14T13:55:09","date_gmt":"2025-03-14T12:55:09","guid":{"rendered":"http:\/\/test-domain.nvv-dudenhofen.de\/?page_id=130"},"modified":"2025-09-27T17:43:53","modified_gmt":"2025-09-27T15:43:53","slug":"04-unser-austausch","status":"publish","type":"page","link":"https:\/\/nvv-dudenhofen.de\/?page_id=130","title":{"rendered":"02.A Biotopentwicklung"},"content":{"rendered":"\n<h1 class=\"wp-block-heading has-text-align-center\"><br>Biotopentwicklung<\/h1>\n\n\n\n<p>Wir erstreben den Erhalt und die F\u00f6rderung wertvoller Lebensr\u00e4ume und Biotope f\u00fcr die einheimischen Tier- und Pflanzenarten.  Dazu betreuen wir die Dudenhofener D\u00fcnenfl\u00e4chen, Trockenrasen, Streuobstwiesen, Feuchtbiotope, Feldgeh\u00f6lze und Hecken.<\/p>\n\n\n\n<hr class=\"wp-block-separator has-alpha-channel-opacity\"\/>\n\n\n\n<h2 class=\"wp-block-heading\">T\u00e4tigkeiten<\/h2>\n\n\n\n<div id=\"wp-block-themeisle-blocks-icon-list-001a1b68\" class=\"wp-block-themeisle-blocks-icon-list\">\n<div id=\"wp-block-themeisle-blocks-icon-list-item-79e75f48\" class=\"wp-block-themeisle-blocks-icon-list-item\"><i class=\"fas fa-check wp-block-themeisle-blocks-icon-list-item-icon\"><\/i><p class=\"wp-block-themeisle-blocks-icon-list-item-content\">Nistkastenpflege<\/p><\/div>\n\n\n\n<div id=\"wp-block-themeisle-blocks-icon-list-item-5983cabb\" class=\"wp-block-themeisle-blocks-icon-list-item\"><i class=\"fas fa-check wp-block-themeisle-blocks-icon-list-item-icon\"><\/i><p class=\"wp-block-themeisle-blocks-icon-list-item-content\">Wiesenbeweidung<\/p><\/div>\n\n\n\n<div id=\"wp-block-themeisle-blocks-icon-list-item-db89194e\" class=\"wp-block-themeisle-blocks-icon-list-item\"><i class=\"fas fa-check wp-block-themeisle-blocks-icon-list-item-icon\"><\/i><p class=\"wp-block-themeisle-blocks-icon-list-item-content\">Feuchtbiotopflege<\/p><\/div>\n\n\n\n<div id=\"wp-block-themeisle-blocks-icon-list-item-be4ab402\" class=\"wp-block-themeisle-blocks-icon-list-item\"><i class=\"fas fa-check wp-block-themeisle-blocks-icon-list-item-icon\"><\/i><p class=\"wp-block-themeisle-blocks-icon-list-item-content\">Verkehrsinselpflege (als Beitrag zur Initiative &#8222;Dudenhofen bl\u00fcht&#8220;)<\/p><\/div>\n<\/div>\n\n\n\n<p><\/p>\n\n\n\n<figure class=\"wp-block-image alignfull size-large\"><img loading=\"lazy\" decoding=\"async\" width=\"1024\" height=\"768\" src=\"http:\/\/test-domain.nvv-dudenhofen.de\/wp-content\/uploads\/2025\/09\/IMG_6107-1024x768.jpeg\" alt=\"\" class=\"wp-image-1066\" srcset=\"https:\/\/nvv-dudenhofen.de\/wp-content\/uploads\/2025\/09\/IMG_6107-1024x768.jpeg 1024w, https:\/\/nvv-dudenhofen.de\/wp-content\/uploads\/2025\/09\/IMG_6107-300x225.jpeg 300w, https:\/\/nvv-dudenhofen.de\/wp-content\/uploads\/2025\/09\/IMG_6107-768x576.jpeg 768w, https:\/\/nvv-dudenhofen.de\/wp-content\/uploads\/2025\/09\/IMG_6107-1536x1152.jpeg 1536w, https:\/\/nvv-dudenhofen.de\/wp-content\/uploads\/2025\/09\/IMG_6107.jpeg 2048w\" sizes=\"auto, (max-width: 1024px) 100vw, 1024px\" \/><\/figure>\n","protected":false},"excerpt":{"rendered":"<p>Biotopentwicklung Wir erstreben den Erhalt und die F\u00f6rderung wertvoller Lebensr\u00e4ume und Biotope f\u00fcr die einheimischen Tier- und Pflanzenarten. Dazu betreuen wir die Dudenhofener D\u00fcnenfl\u00e4chen, Trockenrasen, Streuobstwiesen, Feuchtbiotope, Feldgeh\u00f6lze und Hecken. T\u00e4tigkeiten<\/p>\n","protected":false},"author":1,"featured_media":0,"parent":0,"menu_order":0,"comment_status":"closed","ping_status":"closed","template":"","meta":{"zakra_sidebar_layout":"customizer","zakra_remove_content_margin":false,"zakra_sidebar":"customizer","zakra_transparent_header":"customizer","zakra_logo":0,"zakra_main_header_style":"default","zakra_menu_item_color":"","zakra_menu_item_hover_color":"","zakra_menu_item_active_color":"","zakra_menu_active_style":"","zakra_page_header":true,"_themeisle_gutenberg_block_has_review":false,"footnotes":""},"class_list":["post-130","page","type-page","status-publish","hentry"],"jetpack_sharing_enabled":true,"_links":{"self":[{"href":"https:\/\/nvv-dudenhofen.de\/index.php?rest_route=\/wp\/v2\/pages\/130","targetHints":{"allow":["GET"]}}],"collection":[{"href":"https:\/\/nvv-dudenhofen.de\/index.php?rest_route=\/wp\/v2\/pages"}],"about":[{"href":"https:\/\/nvv-dudenhofen.de\/index.php?rest_route=\/wp\/v2\/types\/page"}],"author":[{"embeddable":true,"href":"https:\/\/nvv-dudenhofen.de\/index.php?rest_route=\/wp\/v2\/users\/1"}],"replies":[{"embeddable":true,"href":"https:\/\/nvv-dudenhofen.de\/index.php?rest_route=%2Fwp%2Fv2%2Fcomments&post=130"}],"version-history":[{"count":10,"href":"https:\/\/nvv-dudenhofen.de\/index.php?rest_route=\/wp\/v2\/pages\/130\/revisions"}],"predecessor-version":[{"id":1195,"href":"https:\/\/nvv-dudenhofen.de\/index.php?rest_route=\/wp\/v2\/pages\/130\/revisions\/1195"}],"wp:attachment":[{"href":"https:\/\/nvv-dudenhofen.de\/index.php?rest_route=%2Fwp%2Fv2%2Fmedia&parent=130"}],"curies":[{"name":"wp","href":"https:\/\/api.w.org\/{rel}","templated":true}]}}